{"id":273950,"date":"2021-04-28T10:41:32","date_gmt":"2021-04-28T08:41:32","guid":{"rendered":"https:\/\/www.marulli.it\/?page_id=273950"},"modified":"2022-03-01T10:28:46","modified_gmt":"2022-03-01T09:28:46","slug":"cartoon","status":"publish","type":"page","link":"https:\/\/www.marulli.it\/en\/cartoon\/","title":{"rendered":"CARTOON"},"content":{"rendered":"<p>[et_pb_section fb_built=&#8221;1&#8243; custom_padding_last_edited=&#8221;on|tablet&#8221; admin_label=&#8221;Yes Please Blurbs &#8211; Diana&#8221; module_class=&#8221;diana_yes_please_blurbs&#8221; _builder_version=&#8221;4.4.7&#8243; background_color=&#8221;#f4f4f4&#8243; custom_padding=&#8221;36px||32px|||&#8221; custom_padding_tablet=&#8221;0px||0px&#8221; custom_padding_phone=&#8221;&#8221; global_colors_info=&#8221;{}&#8221;][et_pb_row _builder_version=&#8221;3.25&#8243; max_width=&#8221;1175px&#8221; custom_padding=&#8221;12px|||||&#8221; use_custom_width=&#8221;on&#8221; custom_width_px=&#8221;1175px&#8221; global_colors_info=&#8221;{}&#8221;][et_pb_column type=&#8221;4_4&#8243; _builder_version=&#8221;3.25&#8243; custom_padding=&#8221;|||&#8221; global_colors_info=&#8221;{}&#8221; custom_padding__hover=&#8221;|||&#8221;][et_pb_text admin_label=&#8221;Simple Social Header &#8211; Diana &#8211; Title&#8221; _builder_version=&#8221;4.7.4&#8243; text_text_color=&#8221;#000000&#8243; header_font=&#8221;Montserrat|700||on|||||&#8221; header_text_align=&#8221;center&#8221; header_text_color=&#8221;#000000&#8243; header_font_size=&#8221;40px&#8221; header_line_height=&#8221;1.3em&#8221; custom_margin=&#8221;||2px|||&#8221; animation_style=&#8221;flip&#8221; animation_direction=&#8221;left&#8221; custom_css_main_element=&#8221;font-weight: 400 !important;&#8221; global_colors_info=&#8221;{}&#8221;]<\/p>\n<h1 class=\"p1\" style=\"text-align: center;\"><span class=\"s1\"> 3D rendering and 3D cartoon animations <\/span><\/h1>\n<p>[\/et_pb_text][\/et_pb_column][\/et_pb_row][et_pb_row column_structure=&#8221;1_2,1_2&#8243; _builder_version=&#8221;4.4.7&#8243; width=&#8221;90%&#8221; max_width=&#8221;1350px&#8221; module_alignment=&#8221;center&#8221; custom_padding=&#8221;6px||0px|||&#8221; global_colors_info=&#8221;{}&#8221;][et_pb_column type=&#8221;1_2&#8243; _builder_version=&#8221;4.4.7&#8243; global_colors_info=&#8221;{}&#8221;][et_pb_text _builder_version=&#8221;4.7.4&#8243; text_font=&#8221;Montserrat|300|||||||&#8221; text_line_height=&#8221;1.8em&#8221; header_3_font=&#8221;Montserrat|600|||||||&#8221; header_3_font_size=&#8221;18px&#8221; header_3_line_height=&#8221;1.4em&#8221; text_orientation=&#8221;justified&#8221; animation_style=&#8221;zoom&#8221; animation_direction=&#8221;left&#8221; global_colors_info=&#8221;{}&#8221;]Are you looking for a 3D animation studio that can offer you creative solutions for the presentation of products, services, technologies or even your company? Marulli Studio is the agency for you. Our team of professionals will help you turn your ideas into reality with a bit of digital magic.<\/p>\n<p>Marulli Studio is a company that has been dealing with 3D rendering and animation for over twenty years. Our crew loves challenges and what better way to test our creativity than making a cartoon? [\/et_pb_text][\/et_pb_column][et_pb_column type=&#8221;1_2&#8243; _builder_version=&#8221;4.4.7&#8243; global_colors_info=&#8221;{}&#8221;][et_pb_text _builder_version=&#8221;4.7.4&#8243; text_font=&#8221;Montserrat|300|||||||&#8221; text_line_height=&#8221;1.8em&#8221; header_3_font=&#8221;Montserrat|600|||||||&#8221; header_3_font_size=&#8221;18px&#8221; header_3_line_height=&#8221;1.4em&#8221; text_orientation=&#8221;justified&#8221; animation_style=&#8221;zoom&#8221; animation_direction=&#8221;left&#8221; global_colors_info=&#8221;{}&#8221;]s you can see from the many satisfied customers, our works are of excellent quality and find space in many different areas, from advertising to educational, passing through the playful and institutional. <\/p>\n<p>Getting in touch with our team means having the certainty of investing in a product tailored to the customer&#8217;s needs and a close collaboration with the developers of the project from start to finish. Whether you need the complete development of an animated character or just the animation, we at Marulli Studio have the skills and technologies to do it.[\/et_pb_text][\/et_pb_column][\/et_pb_row][\/et_pb_section][et_pb_section fb_built=&#8221;1&#8243; _builder_version=&#8221;4.4.7&#8243; custom_padding=&#8221;0px||0px|||&#8221; global_colors_info=&#8221;{}&#8221;][et_pb_row _builder_version=&#8221;4.4.7&#8243; width=&#8221;100%&#8221; max_width=&#8221;2135px&#8221; custom_padding=&#8221;0px||0px|||&#8221; global_colors_info=&#8221;{}&#8221;][et_pb_column type=&#8221;4_4&#8243; _builder_version=&#8221;4.4.7&#8243; global_colors_info=&#8221;{}&#8221;][et_pb_image src=&#8221;https:\/\/www.marulli.it\/wp-content\/uploads\/2020\/11\/settori-cartoon4.jpg&#8221; title_text=&#8221;settori cartoon4&#8243; _builder_version=&#8221;4.4.7&#8243; global_colors_info=&#8221;{}&#8221;][\/et_pb_image][\/et_pb_column][\/et_pb_row][\/et_pb_section]<\/p>\n","protected":false},"excerpt":{"rendered":"<p>3D rendering and 3D cartoon animations Are you looking for a 3D animation studio that can offer you creative solutions for the presentation of products, services, technologies or even your company? Marulli Studio is the agency for you. Our team of professionals will help you turn your ideas into reality with a bit of digital [&hellip;]<\/p>\n","protected":false},"author":1,"featured_media":0,"parent":0,"menu_order":0,"comment_status":"closed","ping_status":"closed","template":"","meta":{"_et_pb_use_builder":"on","_et_pb_old_content":"[et_pb_section fb_built=\"1\" _builder_version=\"4.4.7\" background_video_mp4=\"https:\/\/marulli.it\/wp-content\/uploads\/2020\/11\/Video-02-on-Vimeo-1.mp4\" custom_padding=\"165px||165px||true|\"][et_pb_row _builder_version=\"4.4.7\" custom_padding=\"233px||233px||true|\"][et_pb_column type=\"4_4\" _builder_version=\"4.4.7\"][\/et_pb_column][\/et_pb_row][\/et_pb_section][et_pb_section fb_built=\"1\" custom_padding_last_edited=\"on|tablet\" admin_label=\"Yes Please Blurbs - Diana\" module_class=\"diana_yes_please_blurbs\" _builder_version=\"4.4.7\" background_color=\"#f4f4f4\" custom_padding=\"36px||32px|||\" custom_padding_tablet=\"0px||0px\" custom_padding_phone=\"\"][et_pb_row _builder_version=\"3.25\" max_width=\"1175px\" custom_padding=\"12px|||||\" use_custom_width=\"on\" custom_width_px=\"1175px\"][et_pb_column type=\"4_4\" _builder_version=\"3.25\" custom_padding=\"|||\" custom_padding__hover=\"|||\"][et_pb_text admin_label=\"Simple Social Header - Diana - Title\" _builder_version=\"4.4.7\" text_text_color=\"#000000\" header_font=\"Montserrat|700||on|||||\" header_text_align=\"center\" header_text_color=\"#000000\" header_font_size=\"40px\" header_line_height=\"1.3em\" custom_margin=\"||2px|||\" animation_style=\"flip\" animation_direction=\"left\" custom_css_main_element=\"font-weight: 400 !important;\"]<h1 class=\"p1\" style=\"text-align: center;\"><span class=\"s1\"> Rendering ed animazioni 3D di cartoon <\/span><\/h1>[\/et_pb_text][\/et_pb_column][\/et_pb_row][et_pb_row column_structure=\"1_2,1_2\" _builder_version=\"4.4.7\" width=\"90%\" max_width=\"1350px\" module_alignment=\"center\" custom_padding=\"6px||0px|||\"][et_pb_column type=\"1_2\" _builder_version=\"4.4.7\"][et_pb_text _builder_version=\"4.4.7\" text_font=\"Montserrat|300|||||||\" text_line_height=\"1.8em\" header_3_font=\"Montserrat|600|||||||\" header_3_font_size=\"18px\" header_3_line_height=\"1.4em\" text_orientation=\"justified\" animation_style=\"zoom\" animation_direction=\"left\"]<p>Siete alla ricerca di uno studio di animazione 3D in grado di proporvi soluzioni creative per la presentazione di prodotti, servizi, tecnologie o addirittura delle vostre aziende? Marulli Studio pu\u00f2 aiutarvi. Il nostro team di professionisti nel settore vi aiuter\u00e0 a trasformare le vostre idee in realt\u00e0 con un po\u2019 di magia digitale.<\/p>\r\n<p>Marulli Studio \u00e8 un\u2019azienda che si occupa da oltre venti anni di rendering ed animazione 3D. La nostra crew ama le sfide e quale modo migliore di mettere alla prova la nostra creativit\u00e0 della realizzazione di un cartoon?<\/p>\r\n<h3><\/h3>[\/et_pb_text][\/et_pb_column][et_pb_column type=\"1_2\" _builder_version=\"4.4.7\"][et_pb_text _builder_version=\"4.4.7\" text_font=\"Montserrat|300|||||||\" text_line_height=\"1.8em\" header_3_font=\"Montserrat|600|||||||\" header_3_font_size=\"18px\" header_3_line_height=\"1.4em\" text_orientation=\"justified\" animation_style=\"zoom\" animation_direction=\"left\"]Come \u00e8 possibile constatare dai tanti clienti soddisfatti, i nostri lavori sono di ottima qualit\u00e0 e trovano spazio in molti ambiti diversi, da quello pubblicitario a quello educativo, passando per quello ludico e quello istituzionale.\r\nRivolgersi ai nostri tecnici significa avere la certezza di investire in un prodotto realizzato su misura sulle esigenze del cliente ed una stretta collaborazione con gli sviluppatori del progetto dall\u2019inizio alla fine del lavoro. Che abbiate bisogno del completo sviluppo di un personaggio animato o della sola animazione, noi di Marulli Studio abbiamo le competenze e le tecnologie per farlo.[\/et_pb_text][\/et_pb_column][\/et_pb_row][\/et_pb_section][et_pb_section fb_built=\"1\" _builder_version=\"4.4.7\" custom_padding=\"0px||0px|||\"][et_pb_row _builder_version=\"4.4.7\" width=\"100%\" max_width=\"2135px\" custom_padding=\"0px||0px|||\"][et_pb_column type=\"4_4\" _builder_version=\"4.4.7\"][et_pb_image src=\"https:\/\/marulli.it\/wp-content\/uploads\/2020\/11\/settori-cartoon4.jpg\" title_text=\"settori cartoon4\" _builder_version=\"4.4.7\"][\/et_pb_image][\/et_pb_column][\/et_pb_row][\/et_pb_section]","_et_gb_content_width":"","footnotes":""},"class_list":["post-273950","page","type-page","status-publish","hentry"],"yoast_head":"<!-- This site is optimized with the Yoast SEO plugin v26.2 - https:\/\/yoast.com\/wordpress\/plugins\/seo\/ -->\n<title>CARTOON - Simone Marulli<\/title>\n<meta name=\"robots\" content=\"index, follow, max-snippet:-1, max-image-preview:large, max-video-preview:-1\" \/>\n<link rel=\"canonical\" href=\"https:\/\/www.marulli.it\/en\/cartoon\/\" \/>\n<meta property=\"og:locale\" content=\"en_US\" \/>\n<meta property=\"og:type\" content=\"article\" \/>\n<meta property=\"og:title\" content=\"CARTOON - Simone Marulli\" \/>\n<meta property=\"og:description\" content=\"3D rendering and 3D cartoon animations Are you looking for a 3D animation studio that can offer you creative solutions for the presentation of products, services, technologies or even your company? Marulli Studio is the agency for you. Our team of professionals will help you turn your ideas into reality with a bit of digital [&hellip;]\" \/>\n<meta property=\"og:url\" content=\"https:\/\/www.marulli.it\/en\/cartoon\/\" \/>\n<meta property=\"og:site_name\" content=\"Simone Marulli\" \/>\n<meta property=\"article:modified_time\" content=\"2022-03-01T09:28:46+00:00\" \/>\n<meta name=\"twitter:card\" content=\"summary_large_image\" \/>\n<meta name=\"twitter:label1\" content=\"Est. reading time\" \/>\n\t<meta name=\"twitter:data1\" content=\"3 minutes\" \/>\n<script type=\"application\/ld+json\" class=\"yoast-schema-graph\">{\"@context\":\"https:\/\/schema.org\",\"@graph\":[{\"@type\":\"WebPage\",\"@id\":\"https:\/\/www.marulli.it\/en\/cartoon\/\",\"url\":\"https:\/\/www.marulli.it\/en\/cartoon\/\",\"name\":\"CARTOON - Simone Marulli\",\"isPartOf\":{\"@id\":\"https:\/\/www.marulli.it\/en\/#website\"},\"datePublished\":\"2021-04-28T08:41:32+00:00\",\"dateModified\":\"2022-03-01T09:28:46+00:00\",\"breadcrumb\":{\"@id\":\"https:\/\/www.marulli.it\/en\/cartoon\/#breadcrumb\"},\"inLanguage\":\"en-US\",\"potentialAction\":[{\"@type\":\"ReadAction\",\"target\":[\"https:\/\/www.marulli.it\/en\/cartoon\/\"]}]},{\"@type\":\"BreadcrumbList\",\"@id\":\"https:\/\/www.marulli.it\/en\/cartoon\/#breadcrumb\",\"itemListElement\":[{\"@type\":\"ListItem\",\"position\":1,\"name\":\"Home\",\"item\":\"https:\/\/www.marulli.it\/en\/\"},{\"@type\":\"ListItem\",\"position\":2,\"name\":\"CARTOON\"}]},{\"@type\":\"WebSite\",\"@id\":\"https:\/\/www.marulli.it\/en\/#website\",\"url\":\"https:\/\/www.marulli.it\/en\/\",\"name\":\"Simone Marulli\",\"description\":\"eccellence in 3d visualization\",\"potentialAction\":[{\"@type\":\"SearchAction\",\"target\":{\"@type\":\"EntryPoint\",\"urlTemplate\":\"https:\/\/www.marulli.it\/en\/?s={search_term_string}\"},\"query-input\":{\"@type\":\"PropertyValueSpecification\",\"valueRequired\":true,\"valueName\":\"search_term_string\"}}],\"inLanguage\":\"en-US\"}]}<\/script>\n<!-- \/ Yoast SEO plugin. -->","yoast_head_json":{"title":"CARTOON - Simone Marulli","robots":{"index":"index","follow":"follow","max-snippet":"max-snippet:-1","max-image-preview":"max-image-preview:large","max-video-preview":"max-video-preview:-1"},"canonical":"https:\/\/www.marulli.it\/en\/cartoon\/","og_locale":"en_US","og_type":"article","og_title":"CARTOON - Simone Marulli","og_description":"3D rendering and 3D cartoon animations Are you looking for a 3D animation studio that can offer you creative solutions for the presentation of products, services, technologies or even your company? Marulli Studio is the agency for you. Our team of professionals will help you turn your ideas into reality with a bit of digital [&hellip;]","og_url":"https:\/\/www.marulli.it\/en\/cartoon\/","og_site_name":"Simone Marulli","article_modified_time":"2022-03-01T09:28:46+00:00","twitter_card":"summary_large_image","twitter_misc":{"Est. reading time":"3 minutes"},"schema":{"@context":"https:\/\/schema.org","@graph":[{"@type":"WebPage","@id":"https:\/\/www.marulli.it\/en\/cartoon\/","url":"https:\/\/www.marulli.it\/en\/cartoon\/","name":"CARTOON - Simone Marulli","isPartOf":{"@id":"https:\/\/www.marulli.it\/en\/#website"},"datePublished":"2021-04-28T08:41:32+00:00","dateModified":"2022-03-01T09:28:46+00:00","breadcrumb":{"@id":"https:\/\/www.marulli.it\/en\/cartoon\/#breadcrumb"},"inLanguage":"en-US","potentialAction":[{"@type":"ReadAction","target":["https:\/\/www.marulli.it\/en\/cartoon\/"]}]},{"@type":"BreadcrumbList","@id":"https:\/\/www.marulli.it\/en\/cartoon\/#breadcrumb","itemListElement":[{"@type":"ListItem","position":1,"name":"Home","item":"https:\/\/www.marulli.it\/en\/"},{"@type":"ListItem","position":2,"name":"CARTOON"}]},{"@type":"WebSite","@id":"https:\/\/www.marulli.it\/en\/#website","url":"https:\/\/www.marulli.it\/en\/","name":"Simone Marulli","description":"eccellence in 3d visualization","potentialAction":[{"@type":"SearchAction","target":{"@type":"EntryPoint","urlTemplate":"https:\/\/www.marulli.it\/en\/?s={search_term_string}"},"query-input":{"@type":"PropertyValueSpecification","valueRequired":true,"valueName":"search_term_string"}}],"inLanguage":"en-US"}]}},"_links":{"self":[{"href":"https:\/\/www.marulli.it\/en\/wp-json\/wp\/v2\/pages\/273950","targetHints":{"allow":["GET"]}}],"collection":[{"href":"https:\/\/www.marulli.it\/en\/wp-json\/wp\/v2\/pages"}],"about":[{"href":"https:\/\/www.marulli.it\/en\/wp-json\/wp\/v2\/types\/page"}],"author":[{"embeddable":true,"href":"https:\/\/www.marulli.it\/en\/wp-json\/wp\/v2\/users\/1"}],"replies":[{"embeddable":true,"href":"https:\/\/www.marulli.it\/en\/wp-json\/wp\/v2\/comments?post=273950"}],"version-history":[{"count":5,"href":"https:\/\/www.marulli.it\/en\/wp-json\/wp\/v2\/pages\/273950\/revisions"}],"predecessor-version":[{"id":274290,"href":"https:\/\/www.marulli.it\/en\/wp-json\/wp\/v2\/pages\/273950\/revisions\/274290"}],"wp:attachment":[{"href":"https:\/\/www.marulli.it\/en\/wp-json\/wp\/v2\/media?parent=273950"}],"curies":[{"name":"wp","href":"https:\/\/api.w.org\/{rel}","templated":true}]}}