{"id":273938,"date":"2021-04-28T10:38:23","date_gmt":"2021-04-28T08:38:23","guid":{"rendered":"https:\/\/www.marulli.it\/?page_id=273938"},"modified":"2022-03-01T10:28:51","modified_gmt":"2022-03-01T09:28:51","slug":"industrial-machinery","status":"publish","type":"page","link":"https:\/\/www.marulli.it\/en\/industrial-machinery\/","title":{"rendered":"INDUSTRIAL MACHINERY"},"content":{"rendered":"<p>[et_pb_section fb_built=&#8221;1&#8243; custom_padding_last_edited=&#8221;on|tablet&#8221; admin_label=&#8221;Yes Please Blurbs &#8211; Diana&#8221; module_class=&#8221;diana_yes_please_blurbs&#8221; _builder_version=&#8221;4.4.7&#8243; background_color=&#8221;#f4f4f4&#8243; custom_padding=&#8221;36px||0px|||&#8221; custom_padding_tablet=&#8221;0px||0px&#8221; custom_padding_phone=&#8221;&#8221; global_colors_info=&#8221;{}&#8221;][et_pb_row _builder_version=&#8221;4.4.7&#8243; width=&#8221;85%&#8221; max_width=&#8221;1443px&#8221; custom_padding=&#8221;12px||0px|||&#8221; use_custom_width=&#8221;on&#8221; custom_width_px=&#8221;1175px&#8221; global_colors_info=&#8221;{}&#8221;][et_pb_column type=&#8221;4_4&#8243; _builder_version=&#8221;3.25&#8243; custom_padding=&#8221;|||&#8221; global_colors_info=&#8221;{}&#8221; custom_padding__hover=&#8221;|||&#8221;][et_pb_text admin_label=&#8221;Simple Social Header &#8211; Diana &#8211; Title&#8221; _builder_version=&#8221;4.7.4&#8243; text_text_color=&#8221;#000000&#8243; header_font=&#8221;Montserrat|700||on|||||&#8221; header_text_align=&#8221;center&#8221; header_text_color=&#8221;#000000&#8243; header_line_height=&#8221;1.3em&#8221; custom_margin=&#8221;||2px|||&#8221; animation_style=&#8221;flip&#8221; animation_direction=&#8221;left&#8221; custom_css_main_element=&#8221;font-weight: 400 !important;&#8221; global_colors_info=&#8221;{}&#8221;]<\/p>\n<h1 class=\"p1\" style=\"text-align: center;\"><span class=\"s1\"> 3D rendering and 3D animations for the industrial machinery sector <\/span><\/h1>\n<p>&nbsp;[\/et_pb_text][\/et_pb_column][\/et_pb_row][et_pb_row column_structure=&#8221;1_2,1_2&#8243; _builder_version=&#8221;4.4.7&#8243; width=&#8221;81%&#8221; max_width=&#8221;2249px&#8221; module_alignment=&#8221;center&#8221; custom_padding=&#8221;6px||21px|||&#8221; global_colors_info=&#8221;{}&#8221;][et_pb_column type=&#8221;1_2&#8243; _builder_version=&#8221;4.4.7&#8243; global_colors_info=&#8221;{}&#8221;][et_pb_text _builder_version=&#8221;4.7.4&#8243; text_font=&#8221;Montserrat|300|||||||&#8221; text_font_size=&#8221;15px&#8221; text_line_height=&#8221;1.8em&#8221; header_5_font=&#8221;Abel||||||||&#8221; header_5_font_size=&#8221;24px&#8221; header_5_line_height=&#8221;1.5em&#8221; text_orientation=&#8221;justified&#8221; animation_style=&#8221;zoom&#8221; animation_direction=&#8221;left&#8221; global_colors_info=&#8221;{}&#8221;]Industrial machinery, mechanical devices, medical equipment and heavy equipment can be very difficult to photograph. Their size and the complexity of their structure make these products almost impossible to transport inside a studio. The downtime of the plant that would inevitably occur during the making of a photoshoot and the consequent loss of money for the company is another factor that one must consider.[\/et_pb_text][\/et_pb_column][et_pb_column type=&#8221;1_2&#8243; _builder_version=&#8221;4.4.7&#8243; global_colors_info=&#8221;{}&#8221;][et_pb_text _builder_version=&#8221;4.7.4&#8243; text_font=&#8221;Montserrat|300|||||||&#8221; text_font_size=&#8221;15px&#8221; text_line_height=&#8221;1.8em&#8221; header_5_font=&#8221;Montserrat|700|||||||&#8221; header_5_font_size=&#8221;21px&#8221; header_5_line_height=&#8221;1.5em&#8221; text_orientation=&#8221;justified&#8221; animation_style=&#8221;zoom&#8221; animation_direction=&#8221;left&#8221; global_colors_info=&#8221;{}&#8221;]<\/p>\n<h5>In this scenario, an ultra-realistic 3D rendering is the ideal solution for customers working in the industrial machinery sector, as it allows to create images with high visual impact, perfect for marketing and development.<br \/>\n.<\/h5>\n<p>[\/et_pb_text][\/et_pb_column][\/et_pb_row][\/et_pb_section][et_pb_section fb_built=&#8221;1&#8243; custom_padding_last_edited=&#8221;on|tablet&#8221; admin_label=&#8221;Yes Please Blurbs &#8211; Diana&#8221; module_class=&#8221;diana_yes_please_blurbs&#8221; _builder_version=&#8221;4.4.7&#8243; background_color=&#8221;#ffffff&#8221; custom_padding=&#8221;36px||0px|||&#8221; custom_padding_tablet=&#8221;0px||0px&#8221; custom_padding_phone=&#8221;&#8221; global_colors_info=&#8221;{}&#8221;][et_pb_row column_structure=&#8221;1_2,1_2&#8243; _builder_version=&#8221;4.4.7&#8243; width=&#8221;90%&#8221; max_width=&#8221;1896px&#8221; module_alignment=&#8221;right&#8221; custom_padding=&#8221;6px||1px|||&#8221; global_colors_info=&#8221;{}&#8221;][et_pb_column type=&#8221;1_2&#8243; _builder_version=&#8221;4.4.7&#8243; global_colors_info=&#8221;{}&#8221;][et_pb_text admin_label=&#8221;Simple Social Header &#8211; Diana &#8211; Title&#8221; _builder_version=&#8221;4.7.4&#8243; text_text_color=&#8221;#000000&#8243; header_font=&#8221;Montserrat|700||on|||||&#8221; header_text_align=&#8221;center&#8221; header_text_color=&#8221;#000000&#8243; header_line_height=&#8221;1.3em&#8221; custom_margin=&#8221;-27px||2px|||&#8221; animation_style=&#8221;flip&#8221; animation_direction=&#8221;left&#8221; custom_css_main_element=&#8221;font-weight: 400 !important;&#8221; global_colors_info=&#8221;{}&#8221;]<\/p>\n<h1 class=\"p1\" style=\"text-align: left;\"><span class=\"s1\">The advantages of 3D rendering for companies that produce industrial machinery<br \/>\n <\/span><\/h1>\n<p>[\/et_pb_text][et_pb_divider color=&#8221;#000000&#8243; divider_weight=&#8221;7px&#8221; _builder_version=&#8221;4.4.7&#8243; width=&#8221;40px&#8221; animation_style=&#8221;slide&#8221; animation_direction=&#8221;left&#8221; global_colors_info=&#8221;{}&#8221;][\/et_pb_divider][et_pb_text _builder_version=&#8221;4.7.4&#8243; text_font=&#8221;Montserrat|300|||||||&#8221; text_font_size=&#8221;15px&#8221; text_line_height=&#8221;1.8em&#8221; header_5_font=&#8221;Abel||||||||&#8221; header_5_font_size=&#8221;24px&#8221; header_5_line_height=&#8221;1.5em&#8221; text_orientation=&#8221;justified&#8221; custom_margin=&#8221;-40px|||||&#8221; animation_style=&#8221;zoom&#8221; animation_direction=&#8221;left&#8221; global_colors_info=&#8221;{}&#8221;]<\/p>\n<p>3D rendering is a digital process with great potential for those who work in the production of industrial machinery. Thanks to this very advanced technique, companies have the possibility not only to show the product in its entirety, but also in its internal details without the need to use many paper supports that would not be able to do justice to the real product.<\/p>\n<p><strong>Marulli Studio specializes in creating 3D renderings of industrial machinery from 2D images and technical drawings. <\/strong><\/p>\n<p>Our projects are not only highly realistic but they show the products in a self-explanatory way that facilitates the understanding of the customer and therefore the sale.<\/p>\n<p>The cost of our 3D renderings depends on many different factors, including the complexity of the product, the quantity and quality of information provided, the delivery time and the resolution of the images to be used. In addition, files sent by the customer often need to be modified in order to reach a good result, so this also needs to be taken into account before an estimate is provided.<\/p>\n<p>[\/et_pb_text][\/et_pb_column][et_pb_column type=&#8221;1_2&#8243; _builder_version=&#8221;4.4.7&#8243; global_colors_info=&#8221;{}&#8221;][et_pb_image src=&#8221;https:\/\/www.marulli.it\/wp-content\/uploads\/2020\/11\/macchine-industriali2.jpg&#8221; title_text=&#8221;macchine industriali2&#8243; align=&#8221;right&#8221; _builder_version=&#8221;4.4.7&#8243; width=&#8221;100%&#8221; custom_margin=&#8221;-42px||-5px|||&#8221; custom_padding=&#8221;0px|||||&#8221; animation_style=&#8221;slide&#8221; global_colors_info=&#8221;{}&#8221;][\/et_pb_image][\/et_pb_column][\/et_pb_row][\/et_pb_section]<\/p>\n","protected":false},"excerpt":{"rendered":"<p>3D rendering and 3D animations for the industrial machinery sector &nbsp;Industrial machinery, mechanical devices, medical equipment and heavy equipment can be very difficult to photograph. Their size and the complexity of their structure make these products almost impossible to transport inside a studio. The downtime of the plant that would inevitably occur during the making [&hellip;]<\/p>\n","protected":false},"author":1,"featured_media":0,"parent":0,"menu_order":0,"comment_status":"closed","ping_status":"closed","template":"","meta":{"_et_pb_use_builder":"on","_et_pb_old_content":"[et_pb_section fb_built=\"1\" _builder_version=\"4.4.7\" background_video_mp4=\"https:\/\/marulli.it\/wp-content\/uploads\/2020\/11\/Video-02-on-Vimeo-1.mp4\" custom_padding=\"165px||165px||true|\"][et_pb_row _builder_version=\"4.4.7\" custom_padding=\"233px||233px||true|\"][et_pb_column type=\"4_4\" _builder_version=\"4.4.7\"][\/et_pb_column][\/et_pb_row][\/et_pb_section][et_pb_section fb_built=\"1\" custom_padding_last_edited=\"on|tablet\" admin_label=\"Yes Please Blurbs - Diana\" module_class=\"diana_yes_please_blurbs\" _builder_version=\"4.4.7\" background_color=\"#f4f4f4\" custom_padding=\"36px||0px|||\" custom_padding_tablet=\"0px||0px\" custom_padding_phone=\"\"][et_pb_row _builder_version=\"4.4.7\" width=\"85%\" max_width=\"1443px\" custom_padding=\"12px||0px|||\" use_custom_width=\"on\" custom_width_px=\"1175px\"][et_pb_column type=\"4_4\" _builder_version=\"3.25\" custom_padding=\"|||\" custom_padding__hover=\"|||\"][et_pb_text admin_label=\"Simple Social Header - Diana - Title\" _builder_version=\"4.4.7\" text_text_color=\"#000000\" header_font=\"Montserrat|700||on|||||\" header_text_align=\"center\" header_text_color=\"#000000\" header_line_height=\"1.3em\" custom_margin=\"||2px|||\" animation_style=\"flip\" animation_direction=\"left\" custom_css_main_element=\"font-weight: 400 !important;\"]<h1 class=\"p1\" style=\"text-align: center;\"><span class=\"s1\"> Rendering ed animazioni 3D per il settore dei macchinari industriali <\/span><\/h1>\r\n\u00a0[\/et_pb_text][\/et_pb_column][\/et_pb_row][et_pb_row column_structure=\"1_2,1_2\" _builder_version=\"4.4.7\" width=\"81%\" max_width=\"2249px\" module_alignment=\"center\" custom_padding=\"6px||21px|||\"][et_pb_column type=\"1_2\" _builder_version=\"4.4.7\"][et_pb_text _builder_version=\"4.4.7\" text_font=\"Montserrat|300|||||||\" text_font_size=\"15px\" text_line_height=\"1.8em\" header_5_font=\"Abel||||||||\" header_5_font_size=\"24px\" header_5_line_height=\"1.5em\" text_orientation=\"justified\" animation_style=\"zoom\" animation_direction=\"left\"]Macchinari industriali, dispositivi meccanici, strumentazioni medicali e attrezzature pesanti sono molto difficili da fotografare. Dimensione e complessit\u00e0 della struttura rendono questi prodotti quasi impossibili da trasportare all\u2019interno di uno studio fotografico. Da considerare anche il downtime dell\u2019impianto a cui si andrebbe inevitabilmente incontro per la realizzazione di un photoshoot, con conseguente perdita di denaro per l\u2019azienda.[\/et_pb_text][\/et_pb_column][et_pb_column type=\"1_2\" _builder_version=\"4.4.7\"][et_pb_text _builder_version=\"4.4.7\" text_font=\"Montserrat|300|||||||\" text_font_size=\"15px\" text_line_height=\"1.8em\" header_5_font=\"Montserrat|700|||||||\" header_5_font_size=\"21px\" header_5_line_height=\"1.5em\" text_orientation=\"justified\" animation_style=\"zoom\" animation_direction=\"left\"]<h5>In questo scenario, un rendering 3D ultra realistico \u00e8 la soluzione ideale per clienti che lavorano nel settore industria, poich\u00e9 permette di creare immagini ad alto impatto visivo, perfette per azioni di marketing e per lo sviluppo.<\/h5>[\/et_pb_text][\/et_pb_column][\/et_pb_row][\/et_pb_section][et_pb_section fb_built=\"1\" custom_padding_last_edited=\"on|tablet\" admin_label=\"Yes Please Blurbs - Diana\" module_class=\"diana_yes_please_blurbs\" _builder_version=\"4.4.7\" background_color=\"#ffffff\" custom_padding=\"36px||0px|||\" custom_padding_tablet=\"0px||0px\" custom_padding_phone=\"\"][et_pb_row column_structure=\"1_2,1_2\" _builder_version=\"4.4.7\" width=\"90%\" max_width=\"1896px\" module_alignment=\"right\" custom_padding=\"6px||1px|||\"][et_pb_column type=\"1_2\" _builder_version=\"4.4.7\"][et_pb_text admin_label=\"Simple Social Header - Diana - Title\" _builder_version=\"4.4.7\" text_text_color=\"#000000\" header_font=\"Montserrat|700||on|||||\" header_text_align=\"center\" header_text_color=\"#000000\" header_line_height=\"1.3em\" custom_margin=\"-27px||2px|||\" animation_style=\"flip\" animation_direction=\"left\" custom_css_main_element=\"font-weight: 400 !important;\"]<h1 class=\"p1\" style=\"text-align: left;\"><span class=\"s1\">I vantaggi del rendering 3D per le aziende che producono macchinari industriali <\/span><\/h1>[\/et_pb_text][et_pb_divider color=\"#000000\" divider_weight=\"7px\" _builder_version=\"4.4.7\" width=\"40px\" animation_style=\"slide\" animation_direction=\"left\"][\/et_pb_divider][et_pb_text _builder_version=\"4.4.7\" text_font=\"Montserrat|300|||||||\" text_font_size=\"15px\" text_line_height=\"1.8em\" header_5_font=\"Abel||||||||\" header_5_font_size=\"24px\" header_5_line_height=\"1.5em\" text_orientation=\"justified\" custom_margin=\"-40px|||||\" animation_style=\"zoom\" animation_direction=\"left\"]<p>Il rendering 3D \u00e8 un processo digitale dalle grandi potenzialit\u00e0 per chi lavora nell\u2019ambito della produzione di macchinari industriali. Grazie a questa tecnica avanzatissima, le aziende hanno la possibilit\u00e0 non solo di mostrare il prodotto nella sua interezza, ma anche nei suoi particolari interni senza la necessit\u00e0 di dover utilizzare numerosi supporti cartacei che non riuscirebbero comunque a rendere giustizia al prodotto reale.<\/p>\r\n<p><br \/> <strong>Marulli Studio \u00e8 specializzata nella creazione di rendering 3D di macchinari industriali a partire da immagini e disegni tecnici in due dimensioni.<\/strong><\/p>\r\n<p><br \/> I nostri progetti non sono solo altamente realistici, ma mostrano i prodotti in una maniera autoesplicativa che ne facilita la comprensione del cliente e quindi la vendita.<br \/> \u200b\u200bIl costo dei rendering 3D dipende da molti fattori diversi, tra cui la complessit\u00e0 del prodotto, la quantit\u00e0 e la qualit\u00e0 di informazioni fornite, le tempistiche di consegna e la risoluzione delle immagini da utilizzare. Inoltre, spesso i file inviati dal cliente necessitano di modifiche per poter ottenere un risultato soddisfacente, quindi anche questo elemento \u00e8 da prendere in considerazione prima di poter fornire una stima effettiva del prezzo finale.<\/p>[\/et_pb_text][\/et_pb_column][et_pb_column type=\"1_2\" _builder_version=\"4.4.7\"][et_pb_image src=\"https:\/\/marulli.it\/wp-content\/uploads\/2020\/11\/macchine-industriali2.jpg\" title_text=\"macchine industriali2\" align=\"right\" _builder_version=\"4.4.7\" width=\"100%\" custom_margin=\"-42px||-5px|||\" custom_padding=\"0px|||||\" animation_style=\"slide\"][\/et_pb_image][\/et_pb_column][\/et_pb_row][\/et_pb_section]","_et_gb_content_width":"","footnotes":""},"class_list":["post-273938","page","type-page","status-publish","hentry"],"yoast_head":"<!-- This site is optimized with the Yoast SEO plugin v26.2 - https:\/\/yoast.com\/wordpress\/plugins\/seo\/ -->\n<title>INDUSTRIAL MACHINERY - Simone Marulli<\/title>\n<meta name=\"robots\" content=\"index, follow, max-snippet:-1, max-image-preview:large, max-video-preview:-1\" \/>\n<link rel=\"canonical\" href=\"https:\/\/www.marulli.it\/en\/industrial-machinery\/\" \/>\n<meta property=\"og:locale\" content=\"en_US\" \/>\n<meta property=\"og:type\" content=\"article\" \/>\n<meta property=\"og:title\" content=\"INDUSTRIAL MACHINERY - Simone Marulli\" \/>\n<meta property=\"og:description\" content=\"3D rendering and 3D animations for the industrial machinery sector &nbsp;Industrial machinery, mechanical devices, medical equipment and heavy equipment can be very difficult to photograph. Their size and the complexity of their structure make these products almost impossible to transport inside a studio. The downtime of the plant that would inevitably occur during the making [&hellip;]\" \/>\n<meta property=\"og:url\" content=\"https:\/\/www.marulli.it\/en\/industrial-machinery\/\" \/>\n<meta property=\"og:site_name\" content=\"Simone Marulli\" \/>\n<meta property=\"article:modified_time\" content=\"2022-03-01T09:28:51+00:00\" \/>\n<meta name=\"twitter:card\" content=\"summary_large_image\" \/>\n<meta name=\"twitter:label1\" content=\"Est. reading time\" \/>\n\t<meta name=\"twitter:data1\" content=\"4 minutes\" \/>\n<script type=\"application\/ld+json\" class=\"yoast-schema-graph\">{\"@context\":\"https:\/\/schema.org\",\"@graph\":[{\"@type\":\"WebPage\",\"@id\":\"https:\/\/www.marulli.it\/en\/industrial-machinery\/\",\"url\":\"https:\/\/www.marulli.it\/en\/industrial-machinery\/\",\"name\":\"INDUSTRIAL MACHINERY - Simone Marulli\",\"isPartOf\":{\"@id\":\"https:\/\/www.marulli.it\/en\/#website\"},\"datePublished\":\"2021-04-28T08:38:23+00:00\",\"dateModified\":\"2022-03-01T09:28:51+00:00\",\"breadcrumb\":{\"@id\":\"https:\/\/www.marulli.it\/en\/industrial-machinery\/#breadcrumb\"},\"inLanguage\":\"en-US\",\"potentialAction\":[{\"@type\":\"ReadAction\",\"target\":[\"https:\/\/www.marulli.it\/en\/industrial-machinery\/\"]}]},{\"@type\":\"BreadcrumbList\",\"@id\":\"https:\/\/www.marulli.it\/en\/industrial-machinery\/#breadcrumb\",\"itemListElement\":[{\"@type\":\"ListItem\",\"position\":1,\"name\":\"Home\",\"item\":\"https:\/\/www.marulli.it\/en\/\"},{\"@type\":\"ListItem\",\"position\":2,\"name\":\"INDUSTRIAL MACHINERY\"}]},{\"@type\":\"WebSite\",\"@id\":\"https:\/\/www.marulli.it\/en\/#website\",\"url\":\"https:\/\/www.marulli.it\/en\/\",\"name\":\"Simone Marulli\",\"description\":\"eccellence in 3d visualization\",\"potentialAction\":[{\"@type\":\"SearchAction\",\"target\":{\"@type\":\"EntryPoint\",\"urlTemplate\":\"https:\/\/www.marulli.it\/en\/?s={search_term_string}\"},\"query-input\":{\"@type\":\"PropertyValueSpecification\",\"valueRequired\":true,\"valueName\":\"search_term_string\"}}],\"inLanguage\":\"en-US\"}]}<\/script>\n<!-- \/ Yoast SEO plugin. -->","yoast_head_json":{"title":"INDUSTRIAL MACHINERY - Simone Marulli","robots":{"index":"index","follow":"follow","max-snippet":"max-snippet:-1","max-image-preview":"max-image-preview:large","max-video-preview":"max-video-preview:-1"},"canonical":"https:\/\/www.marulli.it\/en\/industrial-machinery\/","og_locale":"en_US","og_type":"article","og_title":"INDUSTRIAL MACHINERY - Simone Marulli","og_description":"3D rendering and 3D animations for the industrial machinery sector &nbsp;Industrial machinery, mechanical devices, medical equipment and heavy equipment can be very difficult to photograph. Their size and the complexity of their structure make these products almost impossible to transport inside a studio. The downtime of the plant that would inevitably occur during the making [&hellip;]","og_url":"https:\/\/www.marulli.it\/en\/industrial-machinery\/","og_site_name":"Simone Marulli","article_modified_time":"2022-03-01T09:28:51+00:00","twitter_card":"summary_large_image","twitter_misc":{"Est. reading time":"4 minutes"},"schema":{"@context":"https:\/\/schema.org","@graph":[{"@type":"WebPage","@id":"https:\/\/www.marulli.it\/en\/industrial-machinery\/","url":"https:\/\/www.marulli.it\/en\/industrial-machinery\/","name":"INDUSTRIAL MACHINERY - Simone Marulli","isPartOf":{"@id":"https:\/\/www.marulli.it\/en\/#website"},"datePublished":"2021-04-28T08:38:23+00:00","dateModified":"2022-03-01T09:28:51+00:00","breadcrumb":{"@id":"https:\/\/www.marulli.it\/en\/industrial-machinery\/#breadcrumb"},"inLanguage":"en-US","potentialAction":[{"@type":"ReadAction","target":["https:\/\/www.marulli.it\/en\/industrial-machinery\/"]}]},{"@type":"BreadcrumbList","@id":"https:\/\/www.marulli.it\/en\/industrial-machinery\/#breadcrumb","itemListElement":[{"@type":"ListItem","position":1,"name":"Home","item":"https:\/\/www.marulli.it\/en\/"},{"@type":"ListItem","position":2,"name":"INDUSTRIAL MACHINERY"}]},{"@type":"WebSite","@id":"https:\/\/www.marulli.it\/en\/#website","url":"https:\/\/www.marulli.it\/en\/","name":"Simone Marulli","description":"eccellence in 3d visualization","potentialAction":[{"@type":"SearchAction","target":{"@type":"EntryPoint","urlTemplate":"https:\/\/www.marulli.it\/en\/?s={search_term_string}"},"query-input":{"@type":"PropertyValueSpecification","valueRequired":true,"valueName":"search_term_string"}}],"inLanguage":"en-US"}]}},"_links":{"self":[{"href":"https:\/\/www.marulli.it\/en\/wp-json\/wp\/v2\/pages\/273938","targetHints":{"allow":["GET"]}}],"collection":[{"href":"https:\/\/www.marulli.it\/en\/wp-json\/wp\/v2\/pages"}],"about":[{"href":"https:\/\/www.marulli.it\/en\/wp-json\/wp\/v2\/types\/page"}],"author":[{"embeddable":true,"href":"https:\/\/www.marulli.it\/en\/wp-json\/wp\/v2\/users\/1"}],"replies":[{"embeddable":true,"href":"https:\/\/www.marulli.it\/en\/wp-json\/wp\/v2\/comments?post=273938"}],"version-history":[{"count":5,"href":"https:\/\/www.marulli.it\/en\/wp-json\/wp\/v2\/pages\/273938\/revisions"}],"predecessor-version":[{"id":274293,"href":"https:\/\/www.marulli.it\/en\/wp-json\/wp\/v2\/pages\/273938\/revisions\/274293"}],"wp:attachment":[{"href":"https:\/\/www.marulli.it\/en\/wp-json\/wp\/v2\/media?parent=273938"}],"curies":[{"name":"wp","href":"https:\/\/api.w.org\/{rel}","templated":true}]}}