{"id":273926,"date":"2021-04-28T10:35:01","date_gmt":"2021-04-28T08:35:01","guid":{"rendered":"https:\/\/www.marulli.it\/?page_id=273926"},"modified":"2022-03-01T10:28:42","modified_gmt":"2022-03-01T09:28:42","slug":"interior-design","status":"publish","type":"page","link":"https:\/\/www.marulli.it\/en\/interior-design\/","title":{"rendered":"INTERIOR DESIGN"},"content":{"rendered":"<p>[et_pb_section fb_built=&#8221;1&#8243; custom_padding_last_edited=&#8221;on|tablet&#8221; admin_label=&#8221;Yes Please Blurbs &#8211; Diana&#8221; module_class=&#8221;diana_yes_please_blurbs&#8221; _builder_version=&#8221;4.4.7&#8243; background_color=&#8221;#f4f4f4&#8243; custom_padding=&#8221;36px||0px|||&#8221; custom_padding_tablet=&#8221;0px||0px&#8221; custom_padding_phone=&#8221;&#8221; global_colors_info=&#8221;{}&#8221;][et_pb_row _builder_version=&#8221;3.25&#8243; max_width=&#8221;1175px&#8221; custom_padding=&#8221;12px|||||&#8221; use_custom_width=&#8221;on&#8221; custom_width_px=&#8221;1175px&#8221; global_colors_info=&#8221;{}&#8221;][et_pb_column type=&#8221;4_4&#8243; _builder_version=&#8221;3.25&#8243; custom_padding=&#8221;|||&#8221; global_colors_info=&#8221;{}&#8221; custom_padding__hover=&#8221;|||&#8221;][et_pb_text admin_label=&#8221;Simple Social Header &#8211; Diana &#8211; Title&#8221; _builder_version=&#8221;4.7.4&#8243; text_text_color=&#8221;#000000&#8243; header_font=&#8221;Montserrat|700||on|||||&#8221; header_text_align=&#8221;center&#8221; header_text_color=&#8221;#000000&#8243; header_line_height=&#8221;1.3em&#8221; custom_margin=&#8221;||2px|||&#8221; animation_style=&#8221;flip&#8221; animation_direction=&#8221;left&#8221; custom_css_main_element=&#8221;font-weight: 400 !important;&#8221; global_colors_info=&#8221;{}&#8221;]<\/p>\n<h1 class=\"p1\" style=\"text-align: center;\"><span class=\"s1\">Rendering and 3D animations for the Interior Design sector<br \/> <\/span><\/h1>\n<p>[\/et_pb_text][\/et_pb_column][\/et_pb_row][et_pb_row column_structure=&#8221;1_2,1_2&#8243; _builder_version=&#8221;4.4.7&#8243; width=&#8221;71%&#8221; max_width=&#8221;1896px&#8221; module_alignment=&#8221;center&#8221; custom_padding=&#8221;6px||56px|||&#8221; global_colors_info=&#8221;{}&#8221;][et_pb_column type=&#8221;1_2&#8243; _builder_version=&#8221;4.4.7&#8243; global_colors_info=&#8221;{}&#8221;][et_pb_text _builder_version=&#8221;4.7.4&#8243; text_font=&#8221;Montserrat|300|||||||&#8221; text_font_size=&#8221;15px&#8221; text_line_height=&#8221;1.8em&#8221; text_orientation=&#8221;justified&#8221; animation_style=&#8221;zoom&#8221; animation_direction=&#8221;left&#8221; global_colors_info=&#8221;{}&#8221;]For over twenty years, Marulli Studio has been producing 3D renderings and animations for the architecture and interior design sector. Thanks to these techniques, our clients can show their future customers and buyers what houses, buildings and every other type of interior ambience will look like after they have worked on it, present new constructions that have not yet been built, reveal to the general public products that have not yet been come out on the market and even use the images to allow the manufacturing team to have clear ideas on the final result that must be achieved. On the one hand, therefore, 3D renderings and animations are an excellent marketing strategy, on the other hand, they represent a tool that simplifies communication between workers in the field.[\/et_pb_text][\/et_pb_column][et_pb_column type=&#8221;1_2&#8243; _builder_version=&#8221;4.4.7&#8243; global_colors_info=&#8221;{}&#8221;][et_pb_text _builder_version=&#8221;4.7.4&#8243; text_font=&#8221;Montserrat|300|||||||&#8221; text_font_size=&#8221;15px&#8221; text_line_height=&#8221;1.8em&#8221; header_5_font=&#8221;Montserrat|700|||||||&#8221; header_5_font_size=&#8221;20px&#8221; header_5_line_height=&#8221;1.5em&#8221; text_orientation=&#8221;justified&#8221; animation_style=&#8221;zoom&#8221; animation_direction=&#8221;left&#8221; global_colors_info=&#8221;{}&#8221;]3D renderings and animations for interior design reproduce all the details that give life to an environment and allow you to feel the same emotions that one would feel when crossing the threshold of their home or workplace for the first time. <\/span><\/p>\n<h5 class=\"p1\"><span class=\"s1\"><\/span><\/h5>\n<h5 class=\"p1\"><span class=\"s1\"><\/span><\/h5>\n<h5 class=\"p1\"><span class=\"s1\"><\/span><\/h5>\n<h5 class=\"p1\"><span class=\"s1\">From the arrangement of the furniture to the decor, to the way the curtains fall or light passes through the windows, every little detail is taken into consideration. Achieving more realistic results is impossibile.<br \/>\n<\/span><\/h5>\n<p>[\/et_pb_text][\/et_pb_column][\/et_pb_row][\/et_pb_section][et_pb_section fb_built=&#8221;1&#8243; custom_padding_last_edited=&#8221;on|tablet&#8221; admin_label=&#8221;Yes Please Blurbs &#8211; Diana&#8221; module_class=&#8221;diana_yes_please_blurbs&#8221; _builder_version=&#8221;4.4.7&#8243; background_color=&#8221;#ffffff&#8221; custom_padding=&#8221;36px||0px|||&#8221; custom_padding_tablet=&#8221;0px||0px&#8221; custom_padding_phone=&#8221;&#8221; global_colors_info=&#8221;{}&#8221;][et_pb_row column_structure=&#8221;1_2,1_2&#8243; _builder_version=&#8221;4.4.7&#8243; width=&#8221;93%&#8221; max_width=&#8221;1896px&#8221; module_alignment=&#8221;right&#8221; custom_margin=&#8221;-44px|auto||auto||&#8221; custom_padding=&#8221;6px||1px|||&#8221; global_colors_info=&#8221;{}&#8221;][et_pb_column type=&#8221;1_2&#8243; _builder_version=&#8221;4.4.7&#8243; global_colors_info=&#8221;{}&#8221;][et_pb_text admin_label=&#8221;Simple Social Header &#8211; Diana &#8211; Title&#8221; _builder_version=&#8221;4.7.4&#8243; text_text_color=&#8221;#000000&#8243; header_font=&#8221;Montserrat|700||on|||||&#8221; header_text_align=&#8221;center&#8221; header_text_color=&#8221;#000000&#8243; header_line_height=&#8221;1.3em&#8221; custom_margin=&#8221;||2px|||&#8221; custom_padding=&#8221;22px|||||&#8221; animation_style=&#8221;flip&#8221; animation_direction=&#8221;left&#8221; custom_css_main_element=&#8221;font-weight: 400 !important;&#8221; global_colors_info=&#8221;{}&#8221;]<\/p>\n<h1 class=\"p1\" style=\"text-align: left;\"><span class=\"s1\"><span style=\"color: #e02b20;\">Marulli Studio<\/span>,<\/span><\/h1>\n<h1 class=\"p1\" style=\"text-align: left;\"><span class=\"s1\">3D rendering and 3D animations of Interior Design<br \/>\n<\/span><\/h1>\n<p>&nbsp;<\/p>\n<p>[\/et_pb_text][et_pb_divider color=&#8221;#000000&#8243; divider_weight=&#8221;7px&#8221; _builder_version=&#8221;4.4.7&#8243; width=&#8221;40px&#8221; animation_style=&#8221;slide&#8221; animation_direction=&#8221;left&#8221; global_colors_info=&#8221;{}&#8221;][\/et_pb_divider][et_pb_text _builder_version=&#8221;4.7.4&#8243; text_font=&#8221;Montserrat|300|||||||&#8221; text_font_size=&#8221;15px&#8221; text_line_height=&#8221;1.8em&#8221; header_5_font=&#8221;Abel||||||||&#8221; header_5_font_size=&#8221;24px&#8221; header_5_line_height=&#8221;1.5em&#8221; text_orientation=&#8221;justified&#8221; custom_margin=&#8221;-37px|||||&#8221; animation_style=&#8221;zoom&#8221; animation_direction=&#8221;left&#8221; global_colors_info=&#8221;{}&#8221;]<\/p>\n<p>Marulli Studio is able to transform in 3D drawings and sketches presented on paper. Working closely with the client, we are able to guarantee the development of a project that satisfies them from every point of view.<\/p>\n<p>Our desire to offer the best possible experience has led us to offer a full service.<\/p>\n<p>Thanks to the cutting-edge technology and talent of our crew we always guarantee the best value for money on the market.<\/p>\n<p>[\/et_pb_text][\/et_pb_column][et_pb_column type=&#8221;1_2&#8243; _builder_version=&#8221;4.4.7&#8243; global_colors_info=&#8221;{}&#8221;][et_pb_image src=&#8221;https:\/\/marulli.it\/wp-content\/uploads\/2020\/11\/settori-interior-design.jpg&#8221; title_text=&#8221;settori interior design&#8221; _builder_version=&#8221;4.4.7&#8243; width=&#8221;100%&#8221; custom_padding=&#8221;4px|||||&#8221; animation_style=&#8221;slide&#8221; global_colors_info=&#8221;{}&#8221;][\/et_pb_image][\/et_pb_column][\/et_pb_row][\/et_pb_section]<\/p>\n","protected":false},"excerpt":{"rendered":"<p>Rendering and 3D animations for the Interior Design sector For over twenty years, Marulli Studio has been producing 3D renderings and animations for the architecture and interior design sector. Thanks to these techniques, our clients can show their future customers and buyers what houses, buildings and every other type of interior ambience will look like [&hellip;]<\/p>\n","protected":false},"author":1,"featured_media":0,"parent":0,"menu_order":0,"comment_status":"closed","ping_status":"closed","template":"","meta":{"_et_pb_use_builder":"on","_et_pb_old_content":"[et_pb_section fb_built=\"1\" _builder_version=\"4.4.7\" background_video_mp4=\"https:\/\/marulli.it\/wp-content\/uploads\/2020\/11\/Video-02-on-Vimeo-1.mp4\" custom_padding=\"165px||165px||true|\"][et_pb_row _builder_version=\"4.4.7\" custom_padding=\"233px||233px||true|\"][et_pb_column type=\"4_4\" _builder_version=\"4.4.7\"][\/et_pb_column][\/et_pb_row][\/et_pb_section][et_pb_section fb_built=\"1\" custom_padding_last_edited=\"on|tablet\" admin_label=\"Yes Please Blurbs - Diana\" module_class=\"diana_yes_please_blurbs\" _builder_version=\"4.4.7\" background_color=\"#f4f4f4\" custom_padding=\"36px||0px|||\" custom_padding_tablet=\"0px||0px\" custom_padding_phone=\"\"][et_pb_row _builder_version=\"3.25\" max_width=\"1175px\" custom_padding=\"12px|||||\" use_custom_width=\"on\" custom_width_px=\"1175px\"][et_pb_column type=\"4_4\" _builder_version=\"3.25\" custom_padding=\"|||\" custom_padding__hover=\"|||\"][et_pb_text admin_label=\"Simple Social Header - Diana - Title\" _builder_version=\"4.4.7\" text_text_color=\"#000000\" header_font=\"Montserrat|700||on|||||\" header_text_align=\"center\" header_text_color=\"#000000\" header_line_height=\"1.3em\" custom_margin=\"||2px|||\" animation_style=\"flip\" animation_direction=\"left\" custom_css_main_element=\"font-weight: 400 !important;\"]<h1 class=\"p1\" style=\"text-align: center;\"><span class=\"s1\">Rendering ed animazioni 3D per il settore dell\u2019Interior Design<br \/> <\/span><\/h1>[\/et_pb_text][\/et_pb_column][\/et_pb_row][et_pb_row column_structure=\"1_2,1_2\" _builder_version=\"4.4.7\" width=\"71%\" max_width=\"1896px\" module_alignment=\"center\" custom_padding=\"6px||56px|||\"][et_pb_column type=\"1_2\" _builder_version=\"4.4.7\"][et_pb_text _builder_version=\"4.4.7\" text_font=\"Montserrat|300|||||||\" text_font_size=\"15px\" text_line_height=\"1.8em\" text_orientation=\"justified\" animation_style=\"zoom\" animation_direction=\"left\"]<p class=\"p1\"><span class=\"s1\">Da oltre dieci anni, Marulli Studio si occupa di realizzare rendering ed animazioni 3D per il settore dell\u2019architettura e dell\u2019interior design. Grazie a queste tecniche, i committenti possono mostrare a futuri clienti e compratori come appariranno case, aziende ed interni in genere dopo il loro intervento, presentare nuove costruzioni non ancora realizzate, svelare al grande pubblico prodotti non ancora immessi sul mercato e persino utilizzare le immagini per permettere al team che si occupa della manodopera di avere idee chiare sul risultato da raggiungere.<\/span><\/p>\r\n<p class=\"p1\"><span class=\"s1\">Da una parte, quindi, i rendering e le animazioni 3D sono un'ottima strategia di marketing, dall\u2019altra uno strumento che semplifica la comunicazione tra addetti del settore.<\/span><\/p>[\/et_pb_text][\/et_pb_column][et_pb_column type=\"1_2\" _builder_version=\"4.4.7\"][et_pb_text _builder_version=\"4.4.7\" text_font=\"Montserrat|300|||||||\" text_font_size=\"15px\" text_line_height=\"1.8em\" header_5_font=\"Montserrat|700|||||||\" header_5_font_size=\"20px\" header_5_line_height=\"1.5em\" text_orientation=\"justified\" animation_style=\"zoom\" animation_direction=\"left\"]<p class=\"p1\"><span class=\"s1\">I rendering e le animazioni 3D per l\u2019interior design riproducono tutti i dettagli che danno vita ad un ambiente e permettono di provare le stesse emozioni che si proverebbero varcando la soglia della propria casa o del luogo di lavoro per la prima volta.<\/span><\/p>\r\n<h5 class=\"p1\"><span class=\"s1\"><\/span><\/h5>\r\n<h5 class=\"p1\"><span class=\"s1\"><\/span><\/h5>\r\n<h5 class=\"p1\"><span class=\"s1\"><\/span><\/h5>\r\n<h5 class=\"p1\"><span class=\"s1\">Dalla disposizione dei mobili alla rifinitura delle pareti, fino ad arrivare al modo in cui cadono i tendaggi o in cui la luce attraversa le finestre, nulla \u00e8 lasciato al caso. Non si potrebbe sperare in risultati pi\u00f9 realistici. <\/span><\/h5>[\/et_pb_text][\/et_pb_column][\/et_pb_row][\/et_pb_section][et_pb_section fb_built=\"1\" custom_padding_last_edited=\"on|tablet\" admin_label=\"Yes Please Blurbs - Diana\" module_class=\"diana_yes_please_blurbs\" _builder_version=\"4.4.7\" background_color=\"#ffffff\" custom_padding=\"36px||0px|||\" custom_padding_tablet=\"0px||0px\" custom_padding_phone=\"\"][et_pb_row column_structure=\"1_2,1_2\" _builder_version=\"4.4.7\" width=\"93%\" max_width=\"1896px\" module_alignment=\"right\" custom_margin=\"-44px|auto||auto||\" custom_padding=\"6px||1px|||\"][et_pb_column type=\"1_2\" _builder_version=\"4.4.7\"][et_pb_text admin_label=\"Simple Social Header - Diana - Title\" _builder_version=\"4.4.7\" text_text_color=\"#000000\" header_font=\"Montserrat|700||on|||||\" header_text_align=\"center\" header_text_color=\"#000000\" header_line_height=\"1.3em\" custom_margin=\"||2px|||\" custom_padding=\"22px|||||\" animation_style=\"flip\" animation_direction=\"left\" custom_css_main_element=\"font-weight: 400 !important;\"]<h1 class=\"p1\" style=\"text-align: left;\"><span class=\"s1\"><span style=\"color: #e02b20;\">Marulli Studio<\/span>,<\/span><\/h1>\r\n<h1 class=\"p1\" style=\"text-align: left;\"><span class=\"s1\">realizzazione di rendering e animazioni 3D di Interior Design<\/span><\/h1>\r\n<p>&nbsp;<\/p>[\/et_pb_text][et_pb_divider color=\"#000000\" divider_weight=\"7px\" _builder_version=\"4.4.7\" width=\"40px\" animation_style=\"slide\" animation_direction=\"left\"][\/et_pb_divider][et_pb_text _builder_version=\"4.4.7\" text_font=\"Montserrat|300|||||||\" text_font_size=\"15px\" text_line_height=\"1.8em\" header_5_font=\"Abel||||||||\" header_5_font_size=\"24px\" header_5_line_height=\"1.5em\" text_orientation=\"justified\" custom_margin=\"-37px|||||\" animation_style=\"zoom\" animation_direction=\"left\"]<p class=\"p1\"><span class=\"s1\">Marulli Studio collabora con personale specializzato in grado di riportare nel 3D tutto ci\u00f2 che \u00e8 presentato sul progetto su carta e molto di pi\u00f9.<\/span><\/p>\r\n<p class=\"p1\"><span class=\"s1\"><\/span><\/p>\r\n<p class=\"p1\"><span class=\"s1\">Lavorando a stretto contatto con il cliente, siamo in grado di garantire lo sviluppo di un progetto che lo riesca a soddisfare sotto ogni punto di vista. La nostra voglia di offrire la miglior esperienza di collaborazione possibile ci ha portato a creare un servizio completo, con produzione di varie bozze tra cui il committente sar\u00e0 chiamato a selezionare quella su cui vuole portare avanti il progetto.\r\n\r\nGrazie alle tecnologie all\u2019avanguardia di cui disponiamo e al talento della nostra crew garantiamo sempre il migliore rapporto qualit\u00e0 prezzo del mercato.<\/span>[\/et_pb_text][\/et_pb_column][et_pb_column type=\"1_2\" _builder_version=\"4.4.7\"][et_pb_image src=\"https:\/\/marulli.it\/wp-content\/uploads\/2020\/11\/settori-interior-design.jpg\" title_text=\"settori interior design\" _builder_version=\"4.4.7\" width=\"100%\" custom_padding=\"4px|||||\" animation_style=\"slide\"][\/et_pb_image][\/et_pb_column][\/et_pb_row][\/et_pb_section]","_et_gb_content_width":"","footnotes":""},"class_list":["post-273926","page","type-page","status-publish","hentry"],"yoast_head":"<!-- This site is optimized with the Yoast SEO plugin v26.2 - https:\/\/yoast.com\/wordpress\/plugins\/seo\/ -->\n<title>INTERIOR DESIGN - Simone Marulli<\/title>\n<meta name=\"robots\" content=\"index, follow, max-snippet:-1, max-image-preview:large, max-video-preview:-1\" \/>\n<link rel=\"canonical\" href=\"https:\/\/www.marulli.it\/en\/interior-design\/\" \/>\n<meta property=\"og:locale\" content=\"en_US\" \/>\n<meta property=\"og:type\" content=\"article\" \/>\n<meta property=\"og:title\" content=\"INTERIOR DESIGN - Simone Marulli\" \/>\n<meta property=\"og:description\" content=\"Rendering and 3D animations for the Interior Design sector For over twenty years, Marulli Studio has been producing 3D renderings and animations for the architecture and interior design sector. Thanks to these techniques, our clients can show their future customers and buyers what houses, buildings and every other type of interior ambience will look like [&hellip;]\" \/>\n<meta property=\"og:url\" content=\"https:\/\/www.marulli.it\/en\/interior-design\/\" \/>\n<meta property=\"og:site_name\" content=\"Simone Marulli\" \/>\n<meta property=\"article:modified_time\" content=\"2022-03-01T09:28:42+00:00\" \/>\n<meta name=\"twitter:card\" content=\"summary_large_image\" \/>\n<meta name=\"twitter:label1\" content=\"Est. reading time\" \/>\n\t<meta name=\"twitter:data1\" content=\"4 minutes\" \/>\n<script type=\"application\/ld+json\" class=\"yoast-schema-graph\">{\"@context\":\"https:\/\/schema.org\",\"@graph\":[{\"@type\":\"WebPage\",\"@id\":\"https:\/\/www.marulli.it\/en\/interior-design\/\",\"url\":\"https:\/\/www.marulli.it\/en\/interior-design\/\",\"name\":\"INTERIOR DESIGN - Simone Marulli\",\"isPartOf\":{\"@id\":\"https:\/\/www.marulli.it\/en\/#website\"},\"datePublished\":\"2021-04-28T08:35:01+00:00\",\"dateModified\":\"2022-03-01T09:28:42+00:00\",\"breadcrumb\":{\"@id\":\"https:\/\/www.marulli.it\/en\/interior-design\/#breadcrumb\"},\"inLanguage\":\"en-US\",\"potentialAction\":[{\"@type\":\"ReadAction\",\"target\":[\"https:\/\/www.marulli.it\/en\/interior-design\/\"]}]},{\"@type\":\"BreadcrumbList\",\"@id\":\"https:\/\/www.marulli.it\/en\/interior-design\/#breadcrumb\",\"itemListElement\":[{\"@type\":\"ListItem\",\"position\":1,\"name\":\"Home\",\"item\":\"https:\/\/www.marulli.it\/en\/\"},{\"@type\":\"ListItem\",\"position\":2,\"name\":\"INTERIOR DESIGN\"}]},{\"@type\":\"WebSite\",\"@id\":\"https:\/\/www.marulli.it\/en\/#website\",\"url\":\"https:\/\/www.marulli.it\/en\/\",\"name\":\"Simone Marulli\",\"description\":\"eccellence in 3d visualization\",\"potentialAction\":[{\"@type\":\"SearchAction\",\"target\":{\"@type\":\"EntryPoint\",\"urlTemplate\":\"https:\/\/www.marulli.it\/en\/?s={search_term_string}\"},\"query-input\":{\"@type\":\"PropertyValueSpecification\",\"valueRequired\":true,\"valueName\":\"search_term_string\"}}],\"inLanguage\":\"en-US\"}]}<\/script>\n<!-- \/ Yoast SEO plugin. -->","yoast_head_json":{"title":"INTERIOR DESIGN - Simone Marulli","robots":{"index":"index","follow":"follow","max-snippet":"max-snippet:-1","max-image-preview":"max-image-preview:large","max-video-preview":"max-video-preview:-1"},"canonical":"https:\/\/www.marulli.it\/en\/interior-design\/","og_locale":"en_US","og_type":"article","og_title":"INTERIOR DESIGN - Simone Marulli","og_description":"Rendering and 3D animations for the Interior Design sector For over twenty years, Marulli Studio has been producing 3D renderings and animations for the architecture and interior design sector. Thanks to these techniques, our clients can show their future customers and buyers what houses, buildings and every other type of interior ambience will look like [&hellip;]","og_url":"https:\/\/www.marulli.it\/en\/interior-design\/","og_site_name":"Simone Marulli","article_modified_time":"2022-03-01T09:28:42+00:00","twitter_card":"summary_large_image","twitter_misc":{"Est. reading time":"4 minutes"},"schema":{"@context":"https:\/\/schema.org","@graph":[{"@type":"WebPage","@id":"https:\/\/www.marulli.it\/en\/interior-design\/","url":"https:\/\/www.marulli.it\/en\/interior-design\/","name":"INTERIOR DESIGN - Simone Marulli","isPartOf":{"@id":"https:\/\/www.marulli.it\/en\/#website"},"datePublished":"2021-04-28T08:35:01+00:00","dateModified":"2022-03-01T09:28:42+00:00","breadcrumb":{"@id":"https:\/\/www.marulli.it\/en\/interior-design\/#breadcrumb"},"inLanguage":"en-US","potentialAction":[{"@type":"ReadAction","target":["https:\/\/www.marulli.it\/en\/interior-design\/"]}]},{"@type":"BreadcrumbList","@id":"https:\/\/www.marulli.it\/en\/interior-design\/#breadcrumb","itemListElement":[{"@type":"ListItem","position":1,"name":"Home","item":"https:\/\/www.marulli.it\/en\/"},{"@type":"ListItem","position":2,"name":"INTERIOR DESIGN"}]},{"@type":"WebSite","@id":"https:\/\/www.marulli.it\/en\/#website","url":"https:\/\/www.marulli.it\/en\/","name":"Simone Marulli","description":"eccellence in 3d visualization","potentialAction":[{"@type":"SearchAction","target":{"@type":"EntryPoint","urlTemplate":"https:\/\/www.marulli.it\/en\/?s={search_term_string}"},"query-input":{"@type":"PropertyValueSpecification","valueRequired":true,"valueName":"search_term_string"}}],"inLanguage":"en-US"}]}},"_links":{"self":[{"href":"https:\/\/www.marulli.it\/en\/wp-json\/wp\/v2\/pages\/273926","targetHints":{"allow":["GET"]}}],"collection":[{"href":"https:\/\/www.marulli.it\/en\/wp-json\/wp\/v2\/pages"}],"about":[{"href":"https:\/\/www.marulli.it\/en\/wp-json\/wp\/v2\/types\/page"}],"author":[{"embeddable":true,"href":"https:\/\/www.marulli.it\/en\/wp-json\/wp\/v2\/users\/1"}],"replies":[{"embeddable":true,"href":"https:\/\/www.marulli.it\/en\/wp-json\/wp\/v2\/comments?post=273926"}],"version-history":[{"count":4,"href":"https:\/\/www.marulli.it\/en\/wp-json\/wp\/v2\/pages\/273926\/revisions"}],"predecessor-version":[{"id":274287,"href":"https:\/\/www.marulli.it\/en\/wp-json\/wp\/v2\/pages\/273926\/revisions\/274287"}],"wp:attachment":[{"href":"https:\/\/www.marulli.it\/en\/wp-json\/wp\/v2\/media?parent=273926"}],"curies":[{"name":"wp","href":"https:\/\/api.w.org\/{rel}","templated":true}]}}