{"id":273895,"date":"2021-04-28T10:19:11","date_gmt":"2021-04-28T08:19:11","guid":{"rendered":"https:\/\/www.marulli.it\/?page_id=273895"},"modified":"2021-04-28T10:19:12","modified_gmt":"2021-04-28T08:19:12","slug":"about-us","status":"publish","type":"page","link":"https:\/\/www.marulli.it\/en\/about-us\/","title":{"rendered":"ABOUT US"},"content":{"rendered":"<p>[et_pb_section fb_built=&#8221;1&#8243; custom_padding_last_edited=&#8221;on|tablet&#8221; admin_label=&#8221;Yes Please Blurbs &#8211; Diana&#8221; module_class=&#8221;diana_yes_please_blurbs&#8221; _builder_version=&#8221;4.4.7&#8243; background_color=&#8221;#f4f4f4&#8243; custom_padding=&#8221;36px||35px|||&#8221; custom_padding_tablet=&#8221;0px||0px&#8221; custom_padding_phone=&#8221;&#8221;][et_pb_row _builder_version=&#8221;4.4.7&#8243; max_width=&#8221;1896px&#8221;][et_pb_column type=&#8221;4_4&#8243; _builder_version=&#8221;4.4.7&#8243;][et_pb_text admin_label=&#8221;Simple Social Header &#8211; Diana &#8211; Title&#8221; _builder_version=&#8221;4.7.4&#8243; text_font=&#8221;Abel||||||||&#8221; text_text_color=&#8221;#ffffff&#8221; text_font_size=&#8221;48px&#8221; text_line_height=&#8221;120%&#8221; header_font=&#8221;Montserrat|700||on|||||&#8221; hover_enabled=&#8221;0&#8243; text_font_size_tablet=&#8221;40px&#8221; text_font_size_phone=&#8221;30px&#8221; text_font_size_last_edited=&#8221;on|phone&#8221; custom_css_main_element=&#8221;font-weight: 400 !important;&#8221; sticky_enabled=&#8221;0&#8243;]<\/p>\n<h1 style=\"text-align: center;\">Marulli Studio: <span style=\"color: #000000;\">3D renderings and animations since 1999<\/span><\/h1>\n<p>[\/et_pb_text][\/et_pb_column][\/et_pb_row][et_pb_row column_structure=&#8221;1_2,1_2&#8243; _builder_version=&#8221;4.4.7&#8243; max_width=&#8221;1896px&#8221; custom_padding=&#8221;||0px|||&#8221;][et_pb_column type=&#8221;1_2&#8243; _builder_version=&#8221;4.4.7&#8243;][et_pb_text _builder_version=&#8221;4.7.4&#8243; text_font=&#8221;Montserrat|300|||||||&#8221; text_line_height=&#8221;1.8em&#8221; text_orientation=&#8221;justified&#8221; custom_margin=&#8221;14px|||||&#8221; hover_enabled=&#8221;0&#8243; sticky_enabled=&#8221;0&#8243;]<\/p>\n<p>Established in 1999 as a result of the great passion for 3D of its founder, Marulli Studio is a creation of Simone Marulli, known in the 3D world under the alias &#8220;Vergefio&#8221;.<\/p>\n<p>Simone obtained the Autodesk certification at a well-known training center in Milan between 1998 and 1999, and in the following years he studied everything that comes with the art of 3D visualization. These experiences became the base on which he built his studio.\u00a0<span style=\"font-size: 14px;\">The advanced visualization techniques, mastered through education and sleepless nights, allows him to create high quality images and animations.\u00a0<\/span><span style=\"font-size: 14px;\">Taking advantage of all the experience gained during the years he spent on learning and working first hand with 3D, Simone and his company are able to satisfy even the most demanding customers, offering solutions that reflect the highest standards. With every challenge that Marulli Studio takes up, the line that divides the real world from the virtual one becomes more thin each passing day.<\/span><\/p>\n<p><strong>A team at the service of 3D artists and photographers<\/strong><\/p>\n<p>Over the years, Marulli Studio has grown and today we can count on a team of 14 artists that work on 3D, post production, editing, motion graphics and photography. Each member of the team has more than fifteen\/twenty years of experience in the field and this allows us to easily understand or feel how and where we can improve our creations, where to look at for inspiration, how to deal with problems, and how to deal with each and every detail so to give the customers their customized solutions.<\/p>\n<p>[\/et_pb_text][\/et_pb_column][et_pb_column type=&#8221;1_2&#8243; _builder_version=&#8221;4.4.7&#8243;][et_pb_image src=&#8221;https:\/\/marulli.it\/wp-content\/uploads\/2020\/11\/pagina-chi-siamo_1.jpg&#8221; title_text=&#8221;pagina chi siamo_1&#8243; align=&#8221;right&#8221; _builder_version=&#8221;4.4.7&#8243; width=&#8221;69%&#8221; module_alignment=&#8221;center&#8221;][\/et_pb_image][\/et_pb_column][\/et_pb_row][\/et_pb_section]<\/p>\n","protected":false},"excerpt":{"rendered":"<p>Marulli Studio: 3D renderings and animations since 1999Established in 1999 as a result of the great passion for 3D of its founder, Marulli Studio is a creation of Simone Marulli, known in the 3D world under the alias &#8220;Vergefio&#8221;. Simone obtained the Autodesk certification at a well-known training center in Milan between 1998 and 1999, [&hellip;]<\/p>\n","protected":false},"author":1,"featured_media":0,"parent":0,"menu_order":0,"comment_status":"closed","ping_status":"closed","template":"","meta":{"_et_pb_use_builder":"on","_et_pb_old_content":"[et_pb_section fb_built=\"1\" custom_padding_last_edited=\"on|tablet\" admin_label=\"Yes Please Blurbs - Diana\" module_class=\"diana_yes_please_blurbs\" _builder_version=\"4.4.7\" background_color=\"#f4f4f4\" custom_padding=\"36px||35px|||\" custom_padding_tablet=\"0px||0px\" custom_padding_phone=\"\"][et_pb_row _builder_version=\"4.4.7\" max_width=\"1896px\"][et_pb_column type=\"4_4\" _builder_version=\"4.4.7\"][et_pb_text admin_label=\"Simple Social Header - Diana - Title\" _builder_version=\"4.4.7\" text_font=\"Abel||||||||\" text_text_color=\"#ffffff\" text_font_size=\"48px\" text_line_height=\"120%\" header_font=\"Montserrat|700||on|||||\" text_font_size_tablet=\"40px\" text_font_size_phone=\"30px\" text_font_size_last_edited=\"on|phone\" custom_css_main_element=\"font-weight: 400 !important;\"]<h1 style=\"text-align: center;\">Marulli Studio: <span style=\"color: #000000;\">rendering e animazioni 3D dal 1999<\/span><\/h1>[\/et_pb_text][\/et_pb_column][\/et_pb_row][et_pb_row column_structure=\"1_2,1_2\" _builder_version=\"4.4.7\" max_width=\"1896px\" custom_padding=\"||0px|||\"][et_pb_column type=\"1_2\" _builder_version=\"4.4.7\"][et_pb_text _builder_version=\"4.4.7\" text_font=\"Montserrat|300|||||||\" text_line_height=\"1.8em\" text_orientation=\"justified\" custom_margin=\"14px|||||\"]Marulli Studio nasce nel 1999 da una sfrenata passione per il 3D da parte del suo fondatore, Simone Marulli, conosciuto nel mondo 3D in alias \u201cVergefio\u201d. Tra il 1998 e il 1999 Simone consegue la certificazione Autodesk presso un noto centro formativo Milanese e negli anni successivi studia tutto ci\u00f2 che fa parte dell'arte della visualizzazione 3D, gettando cos\u00ec le solide basi su cui costruire la realt\u00e0 professionale divenuta oggi, animata e alimentata quotidianamente da pura passione.\r\n\r\nI lavori di Simone si sono da sempre stati considerati eccellenti sia a livello nazionale che internazionale ed i 4 \u201cBest of Evermotion\u201d nei primi anni 2000 ne sono la testimonianza. [\/et_pb_text][et_pb_text _builder_version=\"4.4.7\" text_font=\"Montserrat|300|||||||\" text_line_height=\"1.8em\" text_orientation=\"justified\" custom_margin=\"-12px|||||\"]Le tecniche di visualizzazione avanzate, frutto di numerosi studi e notti in bianco, gli hanno permesso di realizzare immagini e animazioni di altissima qualit\u00e0.\r\n\r\nFacendo tesoro di tutta l'esperienza acquisita in tanti anni di 3D e soprattutto grazie al continuo approfondimento e studio delle principali tematiche coinvolte nel suo sviluppo, oggi Marulli Studio S.r.l. riesce a soddisfare anche i clienti pi\u00f9 esigenti, offrendo soluzioni che rispecchiano gli standard pi\u00f9  elevati, spingendosi ogni volta pi\u00f9 in l\u00e0, verso quel confine sempre pi\u00f9 sottile che divide il vero dal virtuale.[\/et_pb_text][\/et_pb_column][et_pb_column type=\"1_2\" _builder_version=\"4.4.7\"][et_pb_image src=\"https:\/\/marulli.it\/wp-content\/uploads\/2020\/11\/pagina-chi-siamo_1.jpg\" title_text=\"pagina chi siamo_1\" align=\"right\" _builder_version=\"4.4.7\" width=\"69%\" module_alignment=\"center\"][\/et_pb_image][\/et_pb_column][\/et_pb_row][\/et_pb_section]","_et_gb_content_width":"","footnotes":""},"class_list":["post-273895","page","type-page","status-publish","hentry"],"yoast_head":"<!-- This site is optimized with the Yoast SEO plugin v26.2 - https:\/\/yoast.com\/wordpress\/plugins\/seo\/ -->\n<title>ABOUT US - Simone Marulli<\/title>\n<meta name=\"robots\" content=\"index, follow, max-snippet:-1, max-image-preview:large, max-video-preview:-1\" \/>\n<link rel=\"canonical\" href=\"https:\/\/www.marulli.it\/en\/about-us\/\" \/>\n<meta property=\"og:locale\" content=\"en_US\" \/>\n<meta property=\"og:type\" content=\"article\" \/>\n<meta property=\"og:title\" content=\"ABOUT US - Simone Marulli\" \/>\n<meta property=\"og:description\" content=\"Marulli Studio: 3D renderings and animations since 1999Established in 1999 as a result of the great passion for 3D of its founder, Marulli Studio is a creation of Simone Marulli, known in the 3D world under the alias &quot;Vergefio&quot;. Simone obtained the Autodesk certification at a well-known training center in Milan between 1998 and 1999, [&hellip;]\" \/>\n<meta property=\"og:url\" content=\"https:\/\/www.marulli.it\/en\/about-us\/\" \/>\n<meta property=\"og:site_name\" content=\"Simone Marulli\" \/>\n<meta property=\"article:modified_time\" content=\"2021-04-28T08:19:12+00:00\" \/>\n<meta name=\"twitter:card\" content=\"summary_large_image\" \/>\n<meta name=\"twitter:label1\" content=\"Est. reading time\" \/>\n\t<meta name=\"twitter:data1\" content=\"2 minutes\" \/>\n<script type=\"application\/ld+json\" class=\"yoast-schema-graph\">{\"@context\":\"https:\/\/schema.org\",\"@graph\":[{\"@type\":\"WebPage\",\"@id\":\"https:\/\/www.marulli.it\/en\/about-us\/\",\"url\":\"https:\/\/www.marulli.it\/en\/about-us\/\",\"name\":\"ABOUT US - Simone Marulli\",\"isPartOf\":{\"@id\":\"https:\/\/www.marulli.it\/en\/#website\"},\"datePublished\":\"2021-04-28T08:19:11+00:00\",\"dateModified\":\"2021-04-28T08:19:12+00:00\",\"breadcrumb\":{\"@id\":\"https:\/\/www.marulli.it\/en\/about-us\/#breadcrumb\"},\"inLanguage\":\"en-US\",\"potentialAction\":[{\"@type\":\"ReadAction\",\"target\":[\"https:\/\/www.marulli.it\/en\/about-us\/\"]}]},{\"@type\":\"BreadcrumbList\",\"@id\":\"https:\/\/www.marulli.it\/en\/about-us\/#breadcrumb\",\"itemListElement\":[{\"@type\":\"ListItem\",\"position\":1,\"name\":\"Home\",\"item\":\"https:\/\/www.marulli.it\/en\/\"},{\"@type\":\"ListItem\",\"position\":2,\"name\":\"ABOUT US\"}]},{\"@type\":\"WebSite\",\"@id\":\"https:\/\/www.marulli.it\/en\/#website\",\"url\":\"https:\/\/www.marulli.it\/en\/\",\"name\":\"Simone Marulli\",\"description\":\"eccellence in 3d visualization\",\"potentialAction\":[{\"@type\":\"SearchAction\",\"target\":{\"@type\":\"EntryPoint\",\"urlTemplate\":\"https:\/\/www.marulli.it\/en\/?s={search_term_string}\"},\"query-input\":{\"@type\":\"PropertyValueSpecification\",\"valueRequired\":true,\"valueName\":\"search_term_string\"}}],\"inLanguage\":\"en-US\"}]}<\/script>\n<!-- \/ Yoast SEO plugin. -->","yoast_head_json":{"title":"ABOUT US - Simone Marulli","robots":{"index":"index","follow":"follow","max-snippet":"max-snippet:-1","max-image-preview":"max-image-preview:large","max-video-preview":"max-video-preview:-1"},"canonical":"https:\/\/www.marulli.it\/en\/about-us\/","og_locale":"en_US","og_type":"article","og_title":"ABOUT US - Simone Marulli","og_description":"Marulli Studio: 3D renderings and animations since 1999Established in 1999 as a result of the great passion for 3D of its founder, Marulli Studio is a creation of Simone Marulli, known in the 3D world under the alias \"Vergefio\". Simone obtained the Autodesk certification at a well-known training center in Milan between 1998 and 1999, [&hellip;]","og_url":"https:\/\/www.marulli.it\/en\/about-us\/","og_site_name":"Simone Marulli","article_modified_time":"2021-04-28T08:19:12+00:00","twitter_card":"summary_large_image","twitter_misc":{"Est. reading time":"2 minutes"},"schema":{"@context":"https:\/\/schema.org","@graph":[{"@type":"WebPage","@id":"https:\/\/www.marulli.it\/en\/about-us\/","url":"https:\/\/www.marulli.it\/en\/about-us\/","name":"ABOUT US - Simone Marulli","isPartOf":{"@id":"https:\/\/www.marulli.it\/en\/#website"},"datePublished":"2021-04-28T08:19:11+00:00","dateModified":"2021-04-28T08:19:12+00:00","breadcrumb":{"@id":"https:\/\/www.marulli.it\/en\/about-us\/#breadcrumb"},"inLanguage":"en-US","potentialAction":[{"@type":"ReadAction","target":["https:\/\/www.marulli.it\/en\/about-us\/"]}]},{"@type":"BreadcrumbList","@id":"https:\/\/www.marulli.it\/en\/about-us\/#breadcrumb","itemListElement":[{"@type":"ListItem","position":1,"name":"Home","item":"https:\/\/www.marulli.it\/en\/"},{"@type":"ListItem","position":2,"name":"ABOUT US"}]},{"@type":"WebSite","@id":"https:\/\/www.marulli.it\/en\/#website","url":"https:\/\/www.marulli.it\/en\/","name":"Simone Marulli","description":"eccellence in 3d visualization","potentialAction":[{"@type":"SearchAction","target":{"@type":"EntryPoint","urlTemplate":"https:\/\/www.marulli.it\/en\/?s={search_term_string}"},"query-input":{"@type":"PropertyValueSpecification","valueRequired":true,"valueName":"search_term_string"}}],"inLanguage":"en-US"}]}},"_links":{"self":[{"href":"https:\/\/www.marulli.it\/en\/wp-json\/wp\/v2\/pages\/273895","targetHints":{"allow":["GET"]}}],"collection":[{"href":"https:\/\/www.marulli.it\/en\/wp-json\/wp\/v2\/pages"}],"about":[{"href":"https:\/\/www.marulli.it\/en\/wp-json\/wp\/v2\/types\/page"}],"author":[{"embeddable":true,"href":"https:\/\/www.marulli.it\/en\/wp-json\/wp\/v2\/users\/1"}],"replies":[{"embeddable":true,"href":"https:\/\/www.marulli.it\/en\/wp-json\/wp\/v2\/comments?post=273895"}],"version-history":[{"count":5,"href":"https:\/\/www.marulli.it\/en\/wp-json\/wp\/v2\/pages\/273895\/revisions"}],"predecessor-version":[{"id":273901,"href":"https:\/\/www.marulli.it\/en\/wp-json\/wp\/v2\/pages\/273895\/revisions\/273901"}],"wp:attachment":[{"href":"https:\/\/www.marulli.it\/en\/wp-json\/wp\/v2\/media?parent=273895"}],"curies":[{"name":"wp","href":"https:\/\/api.w.org\/{rel}","templated":true}]}}